{"id":488,"date":"2021-01-06T17:25:41","date_gmt":"2021-01-06T17:25:41","guid":{"rendered":"https:\/\/amk-solac.com\/2021\/?page_id=488"},"modified":"2021-09-06T13:37:33","modified_gmt":"2021-09-06T13:37:33","slug":"vakuumroehrentechnologie","status":"publish","type":"page","link":"https:\/\/amk-solac.com\/2021\/vakuumroehrentechnologie\/","title":{"rendered":"AMK Vakuumr\u00f6hrentechnologie"},"content":{"rendered":"\n\n[et_pb_section fb_built=&#8220;1&#8243; _builder_version=&#8220;4.7.7&#8243; _module_preset=&#8220;default&#8220; custom_padding=&#8220;0px||0px|||&#8220; sticky_position=&#8220;top&#8220;][et_pb_row _builder_version=&#8220;4.7.7&#8243; _module_preset=&#8220;default&#8220;][et_pb_column type=&#8220;4_4&#8243; _builder_version=&#8220;4.7.7&#8243; _module_preset=&#8220;default&#8220;][et_pb_menu menu_id=&#8220;40&#8243; _builder_version=&#8220;4.7.7&#8243; _module_preset=&#8220;default&#8220; menu_font=&#8220;Frutiger Ultra Black||||||||&#8220; menu_text_color=&#8220;#000000&#8243; menu_font_size=&#8220;16px&#8220; custom_margin=&#8220;||||false|false&#8220; custom_padding=&#8220;15px||15px||false|false&#8220; border_width_bottom=&#8220;1px&#8220;][\/et_pb_menu][\/et_pb_column][\/et_pb_row][\/et_pb_section][et_pb_section fb_built=&#8220;1&#8243; admin_label=&#8220; Get a Quote&#8220; module_id=&#8220;360absorber&#8220; _builder_version=&#8220;4.7.7&#8243; custom_padding=&#8220;20px|0px|20px|0px|true|false&#8220; animation_style=&#8220;slide&#8220; animation_direction=&#8220;top&#8220; animation_intensity_slide=&#8220;10%&#8220;][et_pb_row column_structure=&#8220;3_5,2_5&#8243; _builder_version=&#8220;3.25&#8243; background_color=&#8220;#ffffff&#8220; custom_margin=&#8220;|||&#8220;][et_pb_column type=&#8220;3_5&#8243; _builder_version=&#8220;3.25&#8243; custom_padding=&#8220;|||&#8220; custom_padding__hover=&#8220;|||&#8220;][et_pb_text _builder_version=&#8220;4.7.7&#8243; _module_preset=&#8220;default&#8220; text_font_size=&#8220;24px&#8220; text_line_height=&#8220;1.8em&#8220; header_2_font=&#8220;Frutiger Ultra Black||||||||&#8220; header_2_font_size=&#8220;36px&#8220; header_2_line_height=&#8220;1.2em&#8220; hover_enabled=&#8220;0&#8243; header_2_font_size_last_edited=&#8220;on|phone&#8220; header_2_font_size_phone=&#8220;30px&#8220; sticky_enabled=&#8220;0&#8243;]<h2>Vakuumr\u00f6hrentechnologie der AMK-SOLAC Systems AG<\/h2>[\/et_pb_text][et_pb_text _builder_version=&#8220;4.7.7&#8243; _module_preset=&#8220;default&#8220; text_font_size=&#8220;21px&#8220; text_line_height=&#8220;1.8em&#8220; header_3_font=&#8220;Frutiger Ultra Black||||||||&#8220; header_3_font_size=&#8220;21px&#8220; header_3_line_height=&#8220;1.8em&#8220; custom_margin=&#8220;||40px||false|false&#8220; hover_enabled=&#8220;0&#8243; text_font_size_last_edited=&#8220;on|phone&#8220; text_font_size_phone=&#8220;16px&#8220; sticky_enabled=&#8220;0&#8243;]<h3>Vakuumr\u00f6hrenkollektoren mit 360\u00b0-Absorber<\/h3>\n<ul>\n<li>Anlagen mit Vakuumr\u00f6hrenkollektoren liefern bis zu 70% mehr Energieertrag als Anlagen mit Flachkollektoren<\/li>\n<li>Vakuumr\u00f6hrenkollektoren weisen den h\u00f6chsten Jahreswirkungsgrad auf.<\/li>\n<li>Lebenserwartung \u00fcber 20 Jahre<\/li>\n<li>Bei Vakuumr\u00f6hrenkollektoren steht der Absorber unter Vakuum in einem Glasrohr. Dies ist eine sehr effiziente Isolierung mit dem geringst m\u00f6glichen W\u00e4rmeverlust.<\/li>\n<li>Geeignet f\u00fcr Heizungsunterst\u00fctzung und technische Prozesse<\/li>\n<li>Ideal f\u00fcr Heisswasser bis zu 100 Grad Celsius<\/li>\n<li>Absorberfl\u00e4che immer gr\u00f6sser als Kollektorfl\u00e4che, dadurch optimale Verwertung diffuser Strahlung<\/li>\n<\/ul>[\/et_pb_text][et_pb_image src=&#8220;https:\/\/amk-solac.com\/2021\/wp-content\/uploads\/2021\/01\/AMK_Mehrnutzen_Kollektoren.gif&#8220; title_text=&#8220;AMK Mehrnutzen Kollektoren&#8220; show_in_lightbox=&#8220;on&#8220; _builder_version=&#8220;4.7.7&#8243; _module_preset=&#8220;default&#8220;][\/et_pb_image][\/et_pb_column][et_pb_column type=&#8220;2_5&#8243; _builder_version=&#8220;3.25&#8243; custom_padding=&#8220;|||&#8220; custom_padding__hover=&#8220;|||&#8220;][et_pb_text _builder_version=&#8220;4.7.7&#8243; _module_preset=&#8220;default&#8220; text_font_size=&#8220;24px&#8220; text_line_height=&#8220;1.8em&#8220; header_2_font=&#8220;Frutiger Ultra Black||||||||&#8220; header_2_font_size=&#8220;36px&#8220; custom_margin=&#8220;||10px|||&#8220;]<h3>Parabolische Reflektionsfl\u00e4che<\/h3>[\/et_pb_text][et_pb_image src=&#8220;https:\/\/amk-solac.com\/2021\/wp-content\/uploads\/2021\/01\/parabolisch-parabolic.gif&#8220; title_text=&#8220;parabolisch&#8220; _builder_version=&#8220;4.7.7&#8243; _module_preset=&#8220;default&#8220; custom_margin=&#8220;||20px|||&#8220;][\/et_pb_image][et_pb_text _builder_version=&#8220;4.7.7&#8243; _module_preset=&#8220;default&#8220;]<p>Der Standard zur optimalen Verwertung von direkter und indirekter Sonneneinstrahlung. Durch die innovative Oberflachenbehandlung der Spiegel, erreichen diese Kollektoren absolute Maximalwerte im Energieertrag. Das Resultat sind unsere Hochleistungskollektoren.<\/p>[\/et_pb_text][et_pb_text _builder_version=&#8220;4.7.7&#8243; _module_preset=&#8220;default&#8220; text_font=&#8220;|700|||||||&#8220;]<p><a href=\"https:\/\/amk-solac.com\/2021\/project\/opc-10\/\">OPC 10<\/a> | <a href=\"https:\/\/amk-solac.com\/2021\/project\/opc-15\/\">OPC 15<\/a><\/p>[\/et_pb_text][et_pb_text _builder_version=&#8220;4.7.7&#8243; _module_preset=&#8220;default&#8220; text_font_size=&#8220;24px&#8220; text_line_height=&#8220;1.8em&#8220; header_2_font=&#8220;Frutiger Ultra Black||||||||&#8220; header_2_font_size=&#8220;36px&#8220; custom_margin=&#8220;||10px|||&#8220;]<h3>Flache Reflektionsfl\u00e4che<\/h3>[\/et_pb_text][et_pb_image src=&#8220;https:\/\/amk-solac.com\/2021\/wp-content\/uploads\/2021\/01\/flach-flat.gif&#8220; title_text=&#8220;flache Reflektionsfl\u00e4che&#8220; _builder_version=&#8220;4.7.7&#8243; _module_preset=&#8220;default&#8220; custom_margin=&#8220;||20px|||&#8220;][\/et_pb_image][et_pb_text _builder_version=&#8220;4.7.7&#8243; _module_preset=&#8220;default&#8220;]<p><span>Ideal dort wo diffuses Licht verwertet werden soll. Auch bei schwacher Solareinstrahlung bieten diese Kollektoren noch optimale Ertr\u00e4ge. Die weisse Reflektorfl\u00e4che ist selbstreinigend. Das Resultat sind unsere Spezialkollektoren f\u00fcr Einfamilienh\u00e4user.<\/span><\/p>[\/et_pb_text][et_pb_text _builder_version=&#8220;4.7.7&#8243; _module_preset=&#8220;default&#8220; text_font=&#8220;|700|||||||&#8220;]<p><a href=\"https:\/\/amk-solac.com\/2021\/project\/drc-10\/\">DRC 10<\/a><\/p>[\/et_pb_text][et_pb_text _builder_version=&#8220;4.7.7&#8243; _module_preset=&#8220;default&#8220; text_font_size=&#8220;24px&#8220; text_line_height=&#8220;1.8em&#8220; header_2_font=&#8220;Frutiger Ultra Black||||||||&#8220; header_2_font_size=&#8220;36px&#8220; custom_margin=&#8220;||10px|||&#8220;]<h3>Ohne Reflektionsfl\u00e4che<\/h3>[\/et_pb_text][et_pb_image src=&#8220;https:\/\/amk-solac.com\/2021\/wp-content\/uploads\/2021\/01\/ohne-without.gif&#8220; title_text=&#8220;ohne Reflektionsfl\u00e4che&#8220; _builder_version=&#8220;4.7.7&#8243; _module_preset=&#8220;default&#8220; custom_margin=&#8220;||20px|||&#8220;][\/et_pb_image][et_pb_text _builder_version=&#8220;4.7.7&#8243; _module_preset=&#8220;default&#8220;]<p><span>Kollektoren ohne Reflektionsfl\u00e4che kommen dort zum Einsatz wo mit einer h\u00f6heren Sonneneinstrahlung gerechnet werden kann oder wo auf Grund des lokalen Wetters (Schnee und Winde) keine Reflektoren verwendet werden k\u00f6nnen. Sie verwerten sowohl direkte wie auch diffuse Einstrahlung.<\/span><\/p>[\/et_pb_text][et_pb_text _builder_version=&#8220;4.7.7&#8243; _module_preset=&#8220;default&#8220; text_font=&#8220;|700|||||||&#8220;]<p><a href=\"https:\/\/amk-solac.com\/2021\/project\/owr-12\/\">OWR 12<\/a> | <a href=\"https:\/\/amk-solac.com\/2021\/project\/eco-10\/\">ECO 10<\/a><\/p>[\/et_pb_text][\/et_pb_column][\/et_pb_row][\/et_pb_section][et_pb_section fb_built=&#8220;1&#8243; module_id=&#8220;swisspremiumkollektoren&#8220; _builder_version=&#8220;4.7.7&#8243; _module_preset=&#8220;default&#8220; background_color=&#8220;#e5e5e5&#8243;][et_pb_row _builder_version=&#8220;4.7.7&#8243; _module_preset=&#8220;default&#8220;][et_pb_column type=&#8220;4_4&#8243; _builder_version=&#8220;4.7.7&#8243; _module_preset=&#8220;default&#8220;][et_pb_text _builder_version=&#8220;4.7.7&#8243; _module_preset=&#8220;default&#8220; header_font=&#8220;Frutiger Ultra Black||||||||&#8220; header_2_font=&#8220;Frutiger Ultra Black||||||||&#8220; header_2_font_size=&#8220;40px&#8220;]<h2>SWISS Premium Kollektoren<\/h2>[\/et_pb_text][\/et_pb_column][\/et_pb_row][et_pb_row column_structure=&#8220;1_4,1_4,1_4,1_4&#8243; make_equal=&#8220;on&#8220; _builder_version=&#8220;4.7.7&#8243; _module_preset=&#8220;default&#8220;][et_pb_column type=&#8220;1_4&#8243; _builder_version=&#8220;4.7.7&#8243; _module_preset=&#8220;default&#8220;][et_pb_text _builder_version=&#8220;4.7.7&#8243; _module_preset=&#8220;default&#8220; header_2_font=&#8220;Frutiger Ultra Black||||||||&#8220; header_2_text_align=&#8220;right&#8220; header_2_line_height=&#8220;1.2em&#8220;]<h2>In der Schweiz hergestellte Premium Kollektoren f\u00fcr h\u00f6chste Anspr\u00fcche<\/h2>[\/et_pb_text][\/et_pb_column][et_pb_column type=&#8220;1_4&#8243; _builder_version=&#8220;4.7.7&#8243; _module_preset=&#8220;default&#8220;][et_pb_blurb title=&#8220;Alurahmen&#8220; image=&#8220;https:\/\/amk-solac.com\/2021\/wp-content\/uploads\/2021\/01\/1-Alurahmen.jpg&#8220; _builder_version=&#8220;4.7.7&#8243; _module_preset=&#8220;default&#8220;]<ul>\n<li>stabiler Alurahmen<\/li>\n<li>Verbindungen getoxt<\/li>\n<\/ul>[\/et_pb_blurb][\/et_pb_column][et_pb_column type=&#8220;1_4&#8243; _builder_version=&#8220;4.7.7&#8243; _module_preset=&#8220;default&#8220;][et_pb_blurb title=&#8220;Reflektor&#8220; image=&#8220;https:\/\/amk-solac.com\/2021\/wp-content\/uploads\/2021\/01\/2-Vorgefertigtes-Reflektorblech.jpg&#8220; _builder_version=&#8220;4.7.7&#8243; _module_preset=&#8220;default&#8220;]<ul>\n<li>Parabolspiegel<\/li>\n<li>Oberfl\u00e4che behandelt<\/li>\n<\/ul>[\/et_pb_blurb][\/et_pb_column][et_pb_column type=&#8220;1_4&#8243; _builder_version=&#8220;4.7.7&#8243; _module_preset=&#8220;default&#8220;][et_pb_blurb title=&#8220;Register&#8220; image=&#8220;https:\/\/amk-solac.com\/2021\/wp-content\/uploads\/2021\/01\/3-Register.jpg&#8220; _builder_version=&#8220;4.7.7&#8243; _module_preset=&#8220;default&#8220;]<ul>\n<li>Kupferregister<\/li>\n<li>vernickelt<\/li>\n<li>Leerrohr<\/li>\n<li>sehr geringe Druckverluste<\/li>\n<li>voll integrierte Tichelmann-Hydraulik<\/li>\n<\/ul>[\/et_pb_blurb][\/et_pb_column][\/et_pb_row][et_pb_row column_structure=&#8220;1_4,1_4,1_4,1_4&#8243; make_equal=&#8220;on&#8220; _builder_version=&#8220;4.7.7&#8243; _module_preset=&#8220;default&#8220;][et_pb_column type=&#8220;1_4&#8243; _builder_version=&#8220;4.7.7&#8243; _module_preset=&#8220;default&#8220;][et_pb_blurb title=&#8220;Vakuumr\u00f6hren&#8220; image=&#8220;https:\/\/amk-solac.com\/2021\/wp-content\/uploads\/2021\/01\/4-Vakuumroehren.jpg&#8220; _builder_version=&#8220;4.7.7&#8243; _module_preset=&#8220;default&#8220;]<ul>\n<li>360\u00b0 Vakuum-Absorberr\u00f6hre<\/li>\n<li>9-fach selektive Beschichtung<\/li>\n<li>keine Metall-Glas-Verbindungen<\/li>\n<li>kein Vakuumverlust<\/li>\n<\/ul>[\/et_pb_blurb][\/et_pb_column][et_pb_column type=&#8220;1_4&#8243; _builder_version=&#8220;4.7.7&#8243; _module_preset=&#8220;default&#8220;][et_pb_blurb title=&#8220;Isolation&#8220; image=&#8220;https:\/\/amk-solac.com\/2021\/wp-content\/uploads\/2021\/01\/5-Isolationsmaterial.jpg&#8220; _builder_version=&#8220;4.7.7&#8243; _module_preset=&#8220;default&#8220;]<ul>\n<li>Hochtemperatur-Isolationsmaterial<\/li>\n<li>2-4 cm Glaswolle<\/li>\n<\/ul>[\/et_pb_blurb][\/et_pb_column][et_pb_column type=&#8220;1_4&#8243; _builder_version=&#8220;4.7.7&#8243; _module_preset=&#8220;default&#8220;][et_pb_blurb title=&#8220;Abdeckung&#8220; image=&#8220;https:\/\/amk-solac.com\/2021\/wp-content\/uploads\/2021\/01\/6-Abdeckung.jpg&#8220; _builder_version=&#8220;4.7.7&#8243; _module_preset=&#8220;default&#8220;]<ul>\n<li>Aluminium<\/li>\n<li>in allen RAL-Farben erh\u00e4ltlich<\/li>\n<\/ul>[\/et_pb_blurb][\/et_pb_column][et_pb_column type=&#8220;1_4&#8243; _builder_version=&#8220;4.7.7&#8243; _module_preset=&#8220;default&#8220;][et_pb_blurb title=&#8220;Fertige Kollektor&#8220; image=&#8220;https:\/\/amk-solac.com\/2021\/wp-content\/uploads\/2021\/01\/7-Fertiger-Kollektor.jpg&#8220; _builder_version=&#8220;4.7.7&#8243; _module_preset=&#8220;default&#8220;][\/et_pb_blurb][\/et_pb_column][\/et_pb_row][\/et_pb_section][et_pb_section fb_built=&#8220;1&#8243; use_custom_gutter=&#8220;on&#8220; gutter_width=&#8220;1&#8243; specialty=&#8220;on&#8220; background_color_1=&#8220;#ffb400&#8243; padding_top_bottom_link_1=&#8220;true&#8220; padding_left_right_link_1=&#8220;true&#8220; padding_top_1=&#8220;80px&#8220; padding_right_1=&#8220;6vw&#8220; padding_bottom_1=&#8220;80px&#8220; padding_left_1=&#8220;6vw&#8220; padding_1_tablet=&#8220;|10%||10%||true&#8220; padding_1_phone=&#8220;&#8220; padding_1_last_edited=&#8220;on|phone&#8220; admin_label=&#8220;Footer Section&#8220; module_id=&#8220;kontakt&#8220; module_class=&#8220; et_pb_specialty_fullwidth&#8220; _builder_version=&#8220;4.7.7&#8243; inner_width=&#8220;100%&#8220; inner_width_tablet=&#8220;100%&#8220; inner_width_phone=&#8220;&#8220; inner_width_last_edited=&#8220;on|desktop&#8220; inner_max_width=&#8220;100%&#8220; inner_max_width_tablet=&#8220;100%&#8220; inner_max_width_phone=&#8220;&#8220; inner_max_width_last_edited=&#8220;on|desktop&#8220; custom_padding=&#8220;0px||0px||true&#8220; make_fullwidth=&#8220;on&#8220;][et_pb_column type=&#8220;1_2&#8243; _builder_version=&#8220;3.25&#8243; background_color=&#8220;#ffb400&#8243; custom_padding=&#8220;|||&#8220; padding_tablet=&#8220;|10%||10%||true&#8220; padding_last_edited=&#8220;on|phone&#8220; custom_padding__hover=&#8220;|||&#8220;][et_pb_text _builder_version=&#8220;4.7.7&#8243; text_font=&#8220;||||||||&#8220; header_font=&#8220;||||||||&#8220; header_2_font=&#8220;Frutiger Ultra Black|700|||||||&#8220; header_2_font_size=&#8220;40px&#8220; header_2_line_height=&#8220;1.2em&#8220; custom_margin=&#8220;|||&#8220; custom_padding=&#8220;|||&#8220; header_2_font_size_tablet=&#8220;&#8220; header_2_font_size_phone=&#8220;36px&#8220; header_2_font_size_last_edited=&#8220;on|phone&#8220; locked=&#8220;off&#8220;]<h2>Kontaktieren Sie uns<\/h2>[\/et_pb_text][et_pb_divider color=&#8220;#2a2a2a&#8220; divider_position=&#8220;center&#8220; divider_weight=&#8220;5px&#8220; _builder_version=&#8220;3.9&#8243; max_width=&#8220;50px&#8220; locked=&#8220;off&#8220;][\/et_pb_divider][et_pb_contact_form use_spam_service=&#8220;on&#8220; recaptcha_list=&#8220;amk-solaccom (2021)|amk-solaccom (2021)-0&#8243; email=&#8220;sales@amk-solac.com&#8220; submit_button_text=&#8220;Senden&#8220; module_id=&#8220;et_pb_contact_form_0&#8243; _builder_version=&#8220;4.7.7&#8243; form_field_background_color=&#8220;#ffffff&#8220; title_font=&#8220;||||||||&#8220; form_field_font=&#8220;||||||||&#8220; form_field_font_size=&#8220;14px&#8220; form_field_line_height=&#8220;1.8em&#8220; custom_button=&#8220;on&#8220; button_text_size=&#8220;14px&#8220; button_text_color=&#8220;#ffffff&#8220; button_border_width=&#8220;4px&#8220; button_border_radius=&#8220;0px&#8220; button_letter_spacing=&#8220;4px&#8220; button_font=&#8220;Frutiger Ultra Black|700||on|||||&#8220; button_icon=&#8220;%%3%%&#8220; button_custom_margin=&#8220;20px||||false|false&#8220; custom_margin=&#8220;30px||30px||true&#8220; custom_margin_last_edited=&#8220;off|desktop&#8220; form_background_color=&#8220;#ffffff&#8220; locked=&#8220;off&#8220; button_text_color_hover=&#8220;#ffb400&#8243; button_bg_color_hover=&#8220;#ffffff&#8220; button_border_color_hover=&#8220;#ffffff&#8220;][et_pb_contact_field field_id=&#8220;Name&#8220; field_title=&#8220;Name&#8220; _builder_version=&#8220;4.7.7&#8243; button_text_size__hover_enabled=&#8220;off&#8220; button_one_text_size__hover_enabled=&#8220;off&#8220; button_two_text_size__hover_enabled=&#8220;off&#8220; button_text_color__hover_enabled=&#8220;off&#8220; button_one_text_color__hover_enabled=&#8220;off&#8220; button_two_text_color__hover_enabled=&#8220;off&#8220; button_border_width__hover_enabled=&#8220;off&#8220; button_one_border_width__hover_enabled=&#8220;off&#8220; button_two_border_width__hover_enabled=&#8220;off&#8220; button_border_color__hover_enabled=&#8220;off&#8220; button_one_border_color__hover_enabled=&#8220;off&#8220; button_two_border_color__hover_enabled=&#8220;off&#8220; button_border_radius__hover_enabled=&#8220;off&#8220; button_one_border_radius__hover_enabled=&#8220;off&#8220; button_two_border_radius__hover_enabled=&#8220;off&#8220; button_letter_spacing__hover_enabled=&#8220;off&#8220; button_one_letter_spacing__hover_enabled=&#8220;off&#8220; button_two_letter_spacing__hover_enabled=&#8220;off&#8220; button_bg_color__hover_enabled=&#8220;off&#8220; button_one_bg_color__hover_enabled=&#8220;off&#8220; button_two_bg_color__hover_enabled=&#8220;off&#8220;][\/et_pb_contact_field][et_pb_contact_field field_id=&#8220;Email&#8220; field_title=&#8220;E-Mail&#8220; field_type=&#8220;email&#8220; _builder_version=&#8220;4.7.7&#8243; button_text_size__hover_enabled=&#8220;off&#8220; button_one_text_size__hover_enabled=&#8220;off&#8220; button_two_text_size__hover_enabled=&#8220;off&#8220; button_text_color__hover_enabled=&#8220;off&#8220; button_one_text_color__hover_enabled=&#8220;off&#8220; button_two_text_color__hover_enabled=&#8220;off&#8220; button_border_width__hover_enabled=&#8220;off&#8220; button_one_border_width__hover_enabled=&#8220;off&#8220; button_two_border_width__hover_enabled=&#8220;off&#8220; button_border_color__hover_enabled=&#8220;off&#8220; button_one_border_color__hover_enabled=&#8220;off&#8220; button_two_border_color__hover_enabled=&#8220;off&#8220; button_border_radius__hover_enabled=&#8220;off&#8220; button_one_border_radius__hover_enabled=&#8220;off&#8220; button_two_border_radius__hover_enabled=&#8220;off&#8220; button_letter_spacing__hover_enabled=&#8220;off&#8220; button_one_letter_spacing__hover_enabled=&#8220;off&#8220; button_two_letter_spacing__hover_enabled=&#8220;off&#8220; button_bg_color__hover_enabled=&#8220;off&#8220; button_one_bg_color__hover_enabled=&#8220;off&#8220; button_two_bg_color__hover_enabled=&#8220;off&#8220;][\/et_pb_contact_field][et_pb_contact_field field_id=&#8220;Betreff&#8220; field_title=&#8220;Betreff&#8220; fullwidth_field=&#8220;on&#8220; _builder_version=&#8220;4.7.7&#8243; button_text_size__hover_enabled=&#8220;off&#8220; button_one_text_size__hover_enabled=&#8220;off&#8220; button_two_text_size__hover_enabled=&#8220;off&#8220; button_text_color__hover_enabled=&#8220;off&#8220; button_one_text_color__hover_enabled=&#8220;off&#8220; button_two_text_color__hover_enabled=&#8220;off&#8220; button_border_width__hover_enabled=&#8220;off&#8220; button_one_border_width__hover_enabled=&#8220;off&#8220; button_two_border_width__hover_enabled=&#8220;off&#8220; button_border_color__hover_enabled=&#8220;off&#8220; button_one_border_color__hover_enabled=&#8220;off&#8220; button_two_border_color__hover_enabled=&#8220;off&#8220; button_border_radius__hover_enabled=&#8220;off&#8220; button_one_border_radius__hover_enabled=&#8220;off&#8220; button_two_border_radius__hover_enabled=&#8220;off&#8220; button_letter_spacing__hover_enabled=&#8220;off&#8220; button_one_letter_spacing__hover_enabled=&#8220;off&#8220; button_two_letter_spacing__hover_enabled=&#8220;off&#8220; button_bg_color__hover_enabled=&#8220;off&#8220; button_one_bg_color__hover_enabled=&#8220;off&#8220; button_two_bg_color__hover_enabled=&#8220;off&#8220;][\/et_pb_contact_field][et_pb_contact_field field_id=&#8220;Nachricht&#8220; field_title=&#8220;Nachricht&#8220; field_type=&#8220;text&#8220; fullwidth_field=&#8220;on&#8220; _builder_version=&#8220;4.7.7&#8243; button_text_size__hover_enabled=&#8220;off&#8220; button_one_text_size__hover_enabled=&#8220;off&#8220; button_two_text_size__hover_enabled=&#8220;off&#8220; button_text_color__hover_enabled=&#8220;off&#8220; button_one_text_color__hover_enabled=&#8220;off&#8220; button_two_text_color__hover_enabled=&#8220;off&#8220; button_border_width__hover_enabled=&#8220;off&#8220; button_one_border_width__hover_enabled=&#8220;off&#8220; button_two_border_width__hover_enabled=&#8220;off&#8220; button_border_color__hover_enabled=&#8220;off&#8220; button_one_border_color__hover_enabled=&#8220;off&#8220; button_two_border_color__hover_enabled=&#8220;off&#8220; button_border_radius__hover_enabled=&#8220;off&#8220; button_one_border_radius__hover_enabled=&#8220;off&#8220; button_two_border_radius__hover_enabled=&#8220;off&#8220; button_letter_spacing__hover_enabled=&#8220;off&#8220; button_one_letter_spacing__hover_enabled=&#8220;off&#8220; button_two_letter_spacing__hover_enabled=&#8220;off&#8220; button_bg_color__hover_enabled=&#8220;off&#8220; button_one_bg_color__hover_enabled=&#8220;off&#8220; button_two_bg_color__hover_enabled=&#8220;off&#8220;][\/et_pb_contact_field][\/et_pb_contact_form][\/et_pb_column][et_pb_column type=&#8220;1_2&#8243; specialty_columns=&#8220;2&#8243; _builder_version=&#8220;3.25&#8243; custom_padding=&#8220;|||&#8220; custom_padding__hover=&#8220;|||&#8220;][et_pb_row_inner _builder_version=&#8220;4.7.7&#8243; background_color=&#8220;#2a2a2a&#8220; height=&#8220;120px&#8220; custom_margin=&#8220;|||&#8220; custom_padding=&#8220;0px||0px||true&#8220; animation_style=&#8220;slide&#8220; animation_direction=&#8220;top&#8220; animation_intensity_slide=&#8220;10%&#8220;][et_pb_column_inner saved_specialty_column_type=&#8220;1_2&#8243; _builder_version=&#8220;3.25&#8243; custom_padding=&#8220;|||&#8220; custom_padding__hover=&#8220;|||&#8220;][\/et_pb_column_inner][\/et_pb_row_inner][et_pb_row_inner custom_padding_last_edited=&#8220;on|desktop&#8220; _builder_version=&#8220;3.25&#8243; custom_padding=&#8220;80px|6vw|80px|6vw|true|true&#8220; custom_padding_tablet=&#8220;|3vw||3vw||true&#8220; custom_padding_phone=&#8220;&#8220;][et_pb_column_inner saved_specialty_column_type=&#8220;1_2&#8243; _builder_version=&#8220;3.25&#8243; custom_padding=&#8220;|||&#8220; custom_padding__hover=&#8220;|||&#8220;][et_pb_blurb title=&#8220;AMK-SOLAC Systems AG&#8220; use_icon=&#8220;on&#8220; font_icon=&#8220;%%249%%&#8220; icon_color=&#8220;#666666&#8243; icon_placement=&#8220;left&#8220; content_max_width=&#8220;1100px&#8220; use_icon_font_size=&#8220;on&#8220; icon_font_size=&#8220;18px&#8220; _builder_version=&#8220;4.7.7&#8243; header_font=&#8220;Frutiger Ultra Black||||||||&#8220; header_font_size=&#8220;16px&#8220; header_line_height=&#8220;1.2em&#8220; body_font=&#8220;||||||||&#8220; module_alignment=&#8220;center&#8220; custom_margin=&#8220;||20px|&#8220; animation=&#8220;off&#8220; locked=&#8220;off&#8220;]<p>Lagerstrasse 30<br \/> 9470 Buchs<br \/> Schweiz<\/p>[\/et_pb_blurb][et_pb_blurb title=&#8220;+41 81 750 17 17&#8243; use_icon=&#8220;on&#8220; font_icon=&#8220;%%264%%&#8220; icon_color=&#8220;#666666&#8243; icon_placement=&#8220;left&#8220; content_max_width=&#8220;1100px&#8220; use_icon_font_size=&#8220;on&#8220; icon_font_size=&#8220;18px&#8220; _builder_version=&#8220;4.7.7&#8243; header_font=&#8220;Frutiger Ultra Black||||||||&#8220; header_font_size=&#8220;16px&#8220; header_line_height=&#8220;1.2em&#8220; body_font=&#8220;||||||||&#8220; module_alignment=&#8220;center&#8220; custom_margin=&#8220;||20px|&#8220; animation=&#8220;off&#8220; locked=&#8220;off&#8220;][\/et_pb_blurb][et_pb_blurb title=&#8220;+41 81 750 17 18&#8243; use_icon=&#8220;on&#8220; font_icon=&#8220;%%268%%&#8220; icon_color=&#8220;#666666&#8243; icon_placement=&#8220;left&#8220; content_max_width=&#8220;1100px&#8220; use_icon_font_size=&#8220;on&#8220; icon_font_size=&#8220;18px&#8220; _builder_version=&#8220;4.7.7&#8243; header_font=&#8220;Frutiger Ultra Black||||||||&#8220; header_font_size=&#8220;16px&#8220; header_line_height=&#8220;1.2em&#8220; body_font=&#8220;||||||||&#8220; module_alignment=&#8220;center&#8220; custom_margin=&#8220;||20px|&#8220; animation=&#8220;off&#8220; locked=&#8220;off&#8220;][\/et_pb_blurb][et_pb_blurb title=&#8220;sales@amk-solac.com&#8220; use_icon=&#8220;on&#8220; font_icon=&#8220;%%238%%&#8220; icon_color=&#8220;#666666&#8243; icon_placement=&#8220;left&#8220; content_max_width=&#8220;1100px&#8220; use_icon_font_size=&#8220;on&#8220; icon_font_size=&#8220;18px&#8220; _builder_version=&#8220;4.7.7&#8243; header_font=&#8220;Frutiger Ultra Black||||||||&#8220; header_font_size=&#8220;16px&#8220; header_line_height=&#8220;1.2em&#8220; body_font=&#8220;||||||||&#8220; module_alignment=&#8220;center&#8220; custom_margin=&#8220;||20px|&#8220; animation=&#8220;off&#8220; locked=&#8220;off&#8220;][\/et_pb_blurb][\/et_pb_column_inner][\/et_pb_row_inner][\/et_pb_column][\/et_pb_section]\n\n","protected":false},"excerpt":{"rendered":"<p>Vakuumr\u00f6hrentechnologie der AMK-SOLAC Systems AGVakuumr\u00f6hrenkollektoren mit 360\u00b0-Absorber Anlagen mit Vakuumr\u00f6hrenkollektoren liefern bis zu 70% mehr Energieertrag als Anlagen mit Flachkollektoren Vakuumr\u00f6hrenkollektoren weisen den h\u00f6chsten Jahreswirkungsgrad auf. Lebenserwartung \u00fcber 20 Jahre Bei Vakuumr\u00f6hrenkollektoren steht der Absorber unter Vakuum in einem Glasrohr. Dies ist eine sehr effiziente Isolierung mit dem geringst m\u00f6glichen W\u00e4rmeverlust. Geeignet f\u00fcr Heizungsunterst\u00fctzung und [&hellip;]<\/p>\n","protected":false},"author":1,"featured_media":0,"parent":0,"menu_order":0,"comment_status":"closed","ping_status":"closed","template":"","meta":{"_et_pb_use_builder":"on","_et_pb_old_content":"","_et_gb_content_width":"","footnotes":""},"class_list":["post-488","page","type-page","status-publish","hentry"],"aioseo_notices":[],"_links":{"self":[{"href":"https:\/\/amk-solac.com\/2021\/wp-json\/wp\/v2\/pages\/488","targetHints":{"allow":["GET"]}}],"collection":[{"href":"https:\/\/amk-solac.com\/2021\/wp-json\/wp\/v2\/pages"}],"about":[{"href":"https:\/\/amk-solac.com\/2021\/wp-json\/wp\/v2\/types\/page"}],"author":[{"embeddable":true,"href":"https:\/\/amk-solac.com\/2021\/wp-json\/wp\/v2\/users\/1"}],"replies":[{"embeddable":true,"href":"https:\/\/amk-solac.com\/2021\/wp-json\/wp\/v2\/comments?post=488"}],"version-history":[{"count":2,"href":"https:\/\/amk-solac.com\/2021\/wp-json\/wp\/v2\/pages\/488\/revisions"}],"predecessor-version":[{"id":967,"href":"https:\/\/amk-solac.com\/2021\/wp-json\/wp\/v2\/pages\/488\/revisions\/967"}],"wp:attachment":[{"href":"https:\/\/amk-solac.com\/2021\/wp-json\/wp\/v2\/media?parent=488"}],"curies":[{"name":"wp","href":"https:\/\/api.w.org\/{rel}","templated":true}]}}